












{"id":398,"date":"2017-12-23T11:52:50","date_gmt":"2017-12-23T10:52:50","guid":{"rendered":"https:\/\/www.konflikthilfe.at\/?page_id=398"},"modified":"2017-12-23T11:52:50","modified_gmt":"2017-12-23T10:52:50","slug":"assistenza-sociale","status":"publish","type":"page","link":"https:\/\/www.konflikthilfe.at\/it\/offerta-di-servizi\/assistenza-sociale\/","title":{"rendered":"Assistenza Sociale"},"content":{"rendered":"<h1>Assistenza Sociale<\/h1>\n<p>Si tratta di una scelta di consulenza ed assistenza consapevole e programmata, a favore di individui di tutte le et\u00e0 (anche bambini) per prevenire e risolvere le pi\u00f9 diverse situazioni di bisogno, legate soprattutto ai problemi della personalit\u00e0, alle difficolt\u00e0 nell\u2019ambito familiare e di coppia, ai problemi sul lavoro ecc.\u00a0<\/p>\n<p>Questo servizio comprende anche un\u2019attivit\u00e0 di consulenza psicologica ad eccezione della psicoterapia.<\/p>\n<p><strong>Sono specializzata nei seguenti campi:<\/strong><\/p>\n<ul>\n<li>Coaching<\/li>\n<li>Promozione e sviluppo della personalit\u00e0\/training<\/li>\n<li>Consulenza professionale<\/li>\n<li>Consuelenza in comunicazione e tecnica della comunicazione <\/li>\n<li>Consulenza\/Formazione\/Gestione dei conflitti\/training <\/li>\n<li>Servizio di accompagnamento ai Processi e presso le Autorit\u00e0 Giudiziarie<\/li>\n<li>Servizio di accompagnamento assistito presso Enti, Uffici pubblici, Magistrati e Servizi Sociali Servizio assistenza dei minori, periti <\/li>\n<li>Curatela (Tutela) dei minori o a favore di individui privi di piena capacit\u00e0 giuridica <\/li>\n<li>Mediazione in tutte le situazioni conflittuali <\/li>\n<li>Supervisione<\/li>\n<li>Consulenza matrimoniale e di coppia<\/li>\n<li>Consulenza pedagogica e didattica<\/li>\n<li>Consulenza familiare<\/li>\n<li>Servizio di accompagnamento assistito alle visite<\/li>\n<li>Guida e sostegno dei minori, in veste di persona di fiducia, in situazioni di crisi<\/li>\n<li>Avvio della procedura per l\u2019esercizio del Diritto di visita <\/li>\n<li>Sostegno ed assistenza in caso di crisi acute e situazioni d\u2019emergenza<\/li>\n<\/ul>\n<p>Grazie ai metodi di consulenza fondati sulla pratica, sono qualificata ad esercitare come assistente sociale un\u2019attivit\u00e0 d\u2019intervento, a favore di singoli individui, coppie, gruppi e famiglie, che attinge da diversi modelli e teorie psicodinamiche e di comportamento, e in conformit\u00e0 ai principi etici, morali e giuridici.<\/p>","protected":false},"excerpt":{"rendered":"<p>Assistenza Sociale Si tratta di una scelta di consulenza ed assistenza consapevole e programmata, a favore di individui di tutte le et\u00e0 (anche bambini) per prevenire e risolvere le pi\u00f9 diverse situazioni di bisogno, legate soprattutto ai problemi della personalit\u00e0, alle difficolt\u00e0 nell\u2019ambito familiare e di coppia, ai problemi sul lavoro ecc.\u00a0 Questo servizio comprende [&hellip;]<\/p>\n","protected":false},"author":4,"featured_media":0,"parent":367,"menu_order":42,"comment_status":"closed","ping_status":"closed","template":"","meta":{"footnotes":""},"class_list":["post-398","page","type-page","status-publish","hentry"],"_links":{"self":[{"href":"https:\/\/www.konflikthilfe.at\/it\/wp-json\/wp\/v2\/pages\/398","targetHints":{"allow":["GET"]}}],"collection":[{"href":"https:\/\/www.konflikthilfe.at\/it\/wp-json\/wp\/v2\/pages"}],"about":[{"href":"https:\/\/www.konflikthilfe.at\/it\/wp-json\/wp\/v2\/types\/page"}],"author":[{"embeddable":true,"href":"https:\/\/www.konflikthilfe.at\/it\/wp-json\/wp\/v2\/users\/4"}],"replies":[{"embeddable":true,"href":"https:\/\/www.konflikthilfe.at\/it\/wp-json\/wp\/v2\/comments?post=398"}],"version-history":[{"count":1,"href":"https:\/\/www.konflikthilfe.at\/it\/wp-json\/wp\/v2\/pages\/398\/revisions"}],"predecessor-version":[{"id":399,"href":"https:\/\/www.konflikthilfe.at\/it\/wp-json\/wp\/v2\/pages\/398\/revisions\/399"}],"up":[{"embeddable":true,"href":"https:\/\/www.konflikthilfe.at\/it\/wp-json\/wp\/v2\/pages\/367"}],"wp:attachment":[{"href":"https:\/\/www.konflikthilfe.at\/it\/wp-json\/wp\/v2\/media?parent=398"}],"curies":[{"name":"wp","href":"https:\/\/api.w.org\/{rel}","templated":true}]}}