












{"id":394,"date":"2017-12-23T11:50:31","date_gmt":"2017-12-23T10:50:31","guid":{"rendered":"https:\/\/www.konflikthilfe.at\/?page_id=394"},"modified":"2017-12-23T11:50:31","modified_gmt":"2017-12-23T10:50:31","slug":"assistenza-nei-casi-di-sottrazione-di-minori","status":"publish","type":"page","link":"https:\/\/www.konflikthilfe.at\/it\/offerta-di-servizi\/assistenza-nei-casi-di-sottrazione-di-minori\/","title":{"rendered":"Assistenza nei casi di sottrazione di minori"},"content":{"rendered":"<h1>Assistenza nei casi di sottrazione di minori<\/h1>\n<p>Qualora sia richiesto, accompagno uno dei genitori durante il dovuto prelevamento &#8211; \u201csottrazione legale\u201d &#8211; del figlio minorenne. Ci\u00f2 \u00e8 necessario, nel caso in cui l&#8217;altro genitore non vuole attenersi al Provvedimento del Giudice sull\u2019esercizio della potest\u00e0 genitoriale \/ Procedimento di istanza.<\/p>\n<p>Io offro attivit\u00e0 di supporto al fine di stabilire il coordinamento e collegamento fra i diversi organi: Avvocati, Tribunale, Servizi sociali minorili, Polizia, clienti ecc.<\/p>\n<p>L\u2019obbiettivo \u00e8 e rimane quello di eseguire la sottrazione con il massimo riguardo per il minore.<\/p>\n<p>Tuttavia \u00e8 indispensabile che le \u201csottrazioni legali\u201d &#8211; quindi assolutamente necessarie &#8211; vengano anche eseguite.<\/p>\n<p>Si tenga anche presente, che di regola si ha bisogno di un provvedimento giudiziario per poter valersi dell\u2019appoggio delle Forze dell\u2019ordine.<\/p>\n<p><strong>Nelle circostanze in cui il minore sia gi\u00e0 stato sottratto ai genitori dal Servizio di assistenza minorile, la mia attivit\u00e0 \u00e8 rivolta a stabilire il coordinamento e collegamento fra Avvocati, Tribunale, Servizi sociali minorili, Servizi d&#8217;assistenza ecc., a sostenere ed accompagnare i minori durante il procedimento per l\u2019auspicato rientro in famiglia e a rendere attuabile l&#8217;esercizio del diritto di visita.<\/strong><\/p>","protected":false},"excerpt":{"rendered":"<p>Assistenza nei casi di sottrazione di minori Qualora sia richiesto, accompagno uno dei genitori durante il dovuto prelevamento &#8211; \u201csottrazione legale\u201d &#8211; del figlio minorenne. Ci\u00f2 \u00e8 necessario, nel caso in cui l&#8217;altro genitore non vuole attenersi al Provvedimento del Giudice sull\u2019esercizio della potest\u00e0 genitoriale \/ Procedimento di istanza. Io offro attivit\u00e0 di supporto al [&hellip;]<\/p>\n","protected":false},"author":4,"featured_media":0,"parent":367,"menu_order":37,"comment_status":"closed","ping_status":"closed","template":"","meta":{"footnotes":""},"class_list":["post-394","page","type-page","status-publish","hentry"],"_links":{"self":[{"href":"https:\/\/www.konflikthilfe.at\/it\/wp-json\/wp\/v2\/pages\/394","targetHints":{"allow":["GET"]}}],"collection":[{"href":"https:\/\/www.konflikthilfe.at\/it\/wp-json\/wp\/v2\/pages"}],"about":[{"href":"https:\/\/www.konflikthilfe.at\/it\/wp-json\/wp\/v2\/types\/page"}],"author":[{"embeddable":true,"href":"https:\/\/www.konflikthilfe.at\/it\/wp-json\/wp\/v2\/users\/4"}],"replies":[{"embeddable":true,"href":"https:\/\/www.konflikthilfe.at\/it\/wp-json\/wp\/v2\/comments?post=394"}],"version-history":[{"count":1,"href":"https:\/\/www.konflikthilfe.at\/it\/wp-json\/wp\/v2\/pages\/394\/revisions"}],"predecessor-version":[{"id":395,"href":"https:\/\/www.konflikthilfe.at\/it\/wp-json\/wp\/v2\/pages\/394\/revisions\/395"}],"up":[{"embeddable":true,"href":"https:\/\/www.konflikthilfe.at\/it\/wp-json\/wp\/v2\/pages\/367"}],"wp:attachment":[{"href":"https:\/\/www.konflikthilfe.at\/it\/wp-json\/wp\/v2\/media?parent=394"}],"curies":[{"name":"wp","href":"https:\/\/api.w.org\/{rel}","templated":true}]}}