












{"id":388,"date":"2017-12-23T11:48:15","date_gmt":"2017-12-23T10:48:15","guid":{"rendered":"https:\/\/www.konflikthilfe.at\/?page_id=388"},"modified":"2018-01-29T10:29:54","modified_gmt":"2018-01-29T09:29:54","slug":"coaching-perizia-e-cooperazione-tecnica-con-gli-avvocati","status":"publish","type":"page","link":"https:\/\/www.konflikthilfe.at\/it\/offerta-di-servizi\/coaching-perizia-e-cooperazione-tecnica-con-gli-avvocati\/","title":{"rendered":"Coaching perizia e cooperazione tecnica con gli avvocati"},"content":{"rendered":"<h1>Coaching perizia e cooperazione tecnica con gli avvocati<\/h1>\n<p>Generalmente la perizia in tutte le tipologie di procedimento assume un&#8217; importanza decisiva.<\/p>\n<p>Specialmente nel procedimento riguardante l\u2019esercizio della potest\u00e0 genitoriale e del diritto di visita, le perizie psicologiche dei minori sono di estrema rilevanza. Sono rari i casi in cui il Tribunale si dichiari contrario alla perizia presentata.<\/p>\n<p>Sono molto pratica dei metodi di lavoro dei periti sia in Austria che in Germania.<\/p>\n<p>La mia attivit\u00e0 di consulenza consiste pertanto nel preparare gli interessati ai colloqui con il perito, spiegando loro gi\u00e0 in partenza tutto il funzionamento. Ci\u00f2 fa si che gli interessati non si trovino difronte ad una situazione completamente estranea ed insicura, di cui sanno essere d&#8217;importanza fondamentale per il procedimento. Io li preparo a tralasciare durante il colloquio i punti pi\u00f9 irrilevanti e a sua volta a non dimenticare invece quelli pi\u00f9 importanti, aiutando gli interessati a smaltire, fino all\u2019appuntamento, l&#8217;ansia ed eventualmente l\u2019aggressione accumulata nel corso del procedimento e a ridurre il grado di nervosit\u00e0.<\/p>\n<p>Inoltre la mia presenza durante i colloqui ha di per s\u00e9 gi\u00e0 un effetto rassicurante per gli interessati che consente loro di ridurre la tensione a cui sono esposti.<\/p>\n<p><strong>Nota:<\/strong> non \u00e9 prevista una preparazione tramite test psicologici.<\/p>\n<p>Per gli avvocati offro non solo un Know-how tecnico considerevole per la compilazione della lista delle tante domande frequenti che vengono poste durante il dibattito sulla perizia in Tribunale, ma anche la partecipazione stessa al dibattito. Nel frattempo infatti la prassi in uso presso il Tribunale \u00e8 che l&#8217;avocato, anche nel processo civile, pu\u00f2 far ricorrere, durante la discussione, ad uno specialista con le conoscenze tecniche appropriate, in modo da reagire tecnicamnete in modo adeguato alle domande risultanti. Nella prassi ci\u00f2 viene gi\u00e0 richiesto dagli avvocati spesso e volentieri.<\/p>","protected":false},"excerpt":{"rendered":"<p>Coaching perizia e cooperazione tecnica con gli avvocati Generalmente la perizia in tutte le tipologie di procedimento assume un&#8217; importanza decisiva. Specialmente nel procedimento riguardante l\u2019esercizio della potest\u00e0 genitoriale e del diritto di visita, le perizie psicologiche dei minori sono di estrema rilevanza. Sono rari i casi in cui il Tribunale si dichiari contrario alla [&hellip;]<\/p>\n","protected":false},"author":4,"featured_media":0,"parent":367,"menu_order":30,"comment_status":"closed","ping_status":"closed","template":"","meta":{"footnotes":""},"class_list":["post-388","page","type-page","status-publish","hentry"],"_links":{"self":[{"href":"https:\/\/www.konflikthilfe.at\/it\/wp-json\/wp\/v2\/pages\/388","targetHints":{"allow":["GET"]}}],"collection":[{"href":"https:\/\/www.konflikthilfe.at\/it\/wp-json\/wp\/v2\/pages"}],"about":[{"href":"https:\/\/www.konflikthilfe.at\/it\/wp-json\/wp\/v2\/types\/page"}],"author":[{"embeddable":true,"href":"https:\/\/www.konflikthilfe.at\/it\/wp-json\/wp\/v2\/users\/4"}],"replies":[{"embeddable":true,"href":"https:\/\/www.konflikthilfe.at\/it\/wp-json\/wp\/v2\/comments?post=388"}],"version-history":[{"count":3,"href":"https:\/\/www.konflikthilfe.at\/it\/wp-json\/wp\/v2\/pages\/388\/revisions"}],"predecessor-version":[{"id":801,"href":"https:\/\/www.konflikthilfe.at\/it\/wp-json\/wp\/v2\/pages\/388\/revisions\/801"}],"up":[{"embeddable":true,"href":"https:\/\/www.konflikthilfe.at\/it\/wp-json\/wp\/v2\/pages\/367"}],"wp:attachment":[{"href":"https:\/\/www.konflikthilfe.at\/it\/wp-json\/wp\/v2\/media?parent=388"}],"curies":[{"name":"wp","href":"https:\/\/api.w.org\/{rel}","templated":true}]}}