












{"id":364,"date":"2017-12-23T11:29:59","date_gmt":"2017-12-23T10:29:59","guid":{"rendered":"https:\/\/www.konflikthilfe.at\/?page_id=364"},"modified":"2018-02-12T08:56:24","modified_gmt":"2018-02-12T07:56:24","slug":"home-it","status":"publish","type":"page","link":"https:\/\/www.konflikthilfe.at\/it\/","title":{"rendered":"Home"},"content":{"rendered":"<h2>Benvenuti sul mio sito internet!<\/h2>\n<div class='cols2 cols  nomargin  clearfix'>\n<div class='col colspan '>\n<p>La mia attivit\u00e0 professionale, consiste nel prestare servizio di consulenza ed assistenza nelle pi\u00f9 disparate situzioni della vita quotidiana, sia privata che professionale, in cui sia necessario non solo l&#8217;intervento di un consulente esperto e competente, ma anche di un interlocutore attento e fidato su cui poter contare per superare le svariate difficolt\u00e0.<\/p>\n<p>Specialmente nelle situazioni gravose a livello emozionale, \u00e8 particolarmente difficile, ma di primaria importanza per favorire la soluzione appropriata, prendere le giuste decisioni e mantenere una visione realistica durante il processo decisionale.<\/p>\n<p>In questi casi l&#8217;intervento di un professionista esperto\u00a0 e qualificato, di un interlocutore attento e fidato che ti segue durante l&#8217;intero percorso, \u00e8 d&#8217;importanza fondamentale!<\/p>\n<p><strong>Il mio motto \u00e8:\u00a0mai darsi per vinto!<\/strong><\/p>\n<p>Pertanto, grazie anche a questo mio attegiamento mentale positivo, difronte alle difficolt\u00e0 con cui veniamo confrontati quotidianamente, sono riuscita pi\u00f9 volte a risolvere con sucesso dei casi considerati praticamente insolubili.<\/p>\n<p>Posso inoltre affermare di contare su un\u00b4esperienza pluriennale nel settore, maturata sul territorio nazionale ma anche all&#8217;estero &#8211; dal 1998 svolgo attivit\u00e0 a titolo di libera professionista.<\/p>\n<\/div>\n<div class='col colspan last'>\n<p>Dispongo pertanto delle qualificazioni e competenze necessarie per una valida ed efficace attivit\u00e0 di consulenza e supporto dei miei clienti.<\/p>\n<p>Un&#8217; importanza sempre maggiore assumono infatti le attivit\u00e0 di supporto di professionisti esperti e qualificati nelle vesti di interlocutori fidati e disponibili, da avere a fianco per raggiungere i migliori risultati possibili. Ci\u00f2 richiede un piano strategico e preciso, ed un lavoro di consulenza finalizzato alla risoluzione del problema in modo da evitare per i clienti un&#8217;inutile spreco di tempo e risorse finanziarie.<\/p>\n<p>Soprattutto se si tratta di casi in cui \u00e8 in gioco il futuro dei bambini, allora \u00e9 qanto pi\u00f9 indispensabile agire velocemente e in modo efficente.<\/p>\n<p>Grazie alla mia specializzazione di molti anni anche nell&#8217;ambito del diritto di famglia, posso garantire un piano di attivit\u00e0 di supporto consolidato, strutturato ed efficente.<\/p>\n<p>Sar\u00f2 lieta di poterLe fornire il mio servizio di consulenza con tutto l&#8217;appoggio necessario e di seguirLa individualmente ed affidabilmente nell&#8217;intero percorso verso la soluzione delle Sue sfide personali.<\/p>\n<\/div>\n<\/div>\n<\/p><p class=\"br\">&nbsp;<\/p>\n<p class=\"br\">&nbsp;<\/p>\n<div class='cols2 cols  nomargin  clearfix'>\n<div class='col colspan '>\n<h2>In generale:<\/h2>\n<ul>\n<li>Assistenza sociale<\/li>\n<li>Mediazione in ambiti conflittuali<\/li>\n<li>Assistenza e sostegno psicologico<\/li>\n<li>Consulenza Psicosociale<\/li>\n<li>Coaching, Corsi di formazione per lo sviluppo personale<\/li>\n<li>Intervento nell&#8217;ambito di crisi a livello individuale<\/li>\n<li>Corsi formativi in comunicazione<\/li>\n<li>Supervisione<\/li>\n<\/ul>\n<p><img loading=\"lazy\" decoding=\"async\" class=\"alignnone wp-image-154 size-full\" src=\"https:\/\/www.konflikthilfe.at\/wp\/wp-content\/uploads\/Foto-Banner.jpg\" alt=\"\" width=\"1000\" height=\"625\" \/><\/p>\n<\/div>\n<div class='col colspan last'>\n<h2>Nel settore economico:<\/h2>\n<ul>\n<li>Gestione dei conflitti in tutti i settori economici e finanziari<\/li>\n<li>Coaching, Corsi di formazione per lo sviluppo personale\u00a0 \u00a0 \u00a0<\/li>\n<li>Supervisione<\/li>\n<li>Assistenza vittime dei conflitti sul lavoro, per il datore di lavoro e\/o dipendente, Mobbing<\/li>\n<li>Risoluzione del rapporto di lavoro e apprendistato<\/li>\n<\/ul>\n<h3>Nell&#8217;ambito del Diritto di Famiglia:<\/h3>\n<ul>\n<li>Percorso di mediazione familiare<\/li>\n<li>Assistenza e Orientamento psicologico<\/li>\n<li>Consulenza Psicosociale<\/li>\n<li>Consulenza\/Assistenza Pedagogica e Didattica<\/li>\n<li>Coaching, Corsi di formazione in comunicazione<\/li>\n<li>Assistenza risoluzione delle controversie sull\u2019esercizio del Diritto di visita e Potest\u00e0 genitoriale<\/li>\n<li>Servizio di Accompagnamento assistito alle visite<\/li>\n<li>Servizio di Accompagnamento assistito presso Avvocati, Periti, Uffici di assistenza minorile, Autorit\u00e0 Pubbliche, Tribunale della Famiglia ecc.<\/li>\n<li>Servizio di Accompagnamento assistito in Tribunale\/Processo<\/li>\n<li>Assistenza perizia<\/li>\n<li>Assunzione dell&#8217;incarico di curatore a favore di minori sottoposti a tutela<\/li>\n<\/ul>\n<p><a class=\"button\" href=\"https:\/\/www.konflikthilfe.at\/it\/offerta-di-servizi\/\">La mia offerta di servizi<\/a><\/p>\n<\/div>\n<\/div>\n<\/p>","protected":false},"excerpt":{"rendered":"<p>Benvenuti sul mio sito internet! &nbsp; &nbsp;<\/p>\n","protected":false},"author":4,"featured_media":0,"parent":0,"menu_order":4,"comment_status":"closed","ping_status":"closed","template":"tpl-fullwidth.php","meta":{"footnotes":""},"class_list":["post-364","page","type-page","status-publish","hentry"],"_links":{"self":[{"href":"https:\/\/www.konflikthilfe.at\/it\/wp-json\/wp\/v2\/pages\/364","targetHints":{"allow":["GET"]}}],"collection":[{"href":"https:\/\/www.konflikthilfe.at\/it\/wp-json\/wp\/v2\/pages"}],"about":[{"href":"https:\/\/www.konflikthilfe.at\/it\/wp-json\/wp\/v2\/types\/page"}],"author":[{"embeddable":true,"href":"https:\/\/www.konflikthilfe.at\/it\/wp-json\/wp\/v2\/users\/4"}],"replies":[{"embeddable":true,"href":"https:\/\/www.konflikthilfe.at\/it\/wp-json\/wp\/v2\/comments?post=364"}],"version-history":[{"count":10,"href":"https:\/\/www.konflikthilfe.at\/it\/wp-json\/wp\/v2\/pages\/364\/revisions"}],"predecessor-version":[{"id":851,"href":"https:\/\/www.konflikthilfe.at\/it\/wp-json\/wp\/v2\/pages\/364\/revisions\/851"}],"wp:attachment":[{"href":"https:\/\/www.konflikthilfe.at\/it\/wp-json\/wp\/v2\/media?parent=364"}],"curies":[{"name":"wp","href":"https:\/\/api.w.org\/{rel}","templated":true}]}}